{"id":2673,"date":"2022-12-23T19:00:45","date_gmt":"2022-12-23T19:00:45","guid":{"rendered":"https:\/\/magnasaludcolombia.com\/?page_id=2673"},"modified":"2023-04-19T13:21:57","modified_gmt":"2023-04-19T18:21:57","slug":"nosotros","status":"publish","type":"page","link":"https:\/\/magnasaludcolombia.com\/index.php\/nosotros\/","title":{"rendered":"Nosotros"},"content":{"rendered":"<section class=\"wpb-content-wrapper\"><p>[vc_row][vc_column][tm_spacer size=\u00bblg:130&#8243;][vc_row_inner][vc_column_inner width=\u00bb1\/2&#8243;][tm_heading custom_google_font=\u00bb\u00bb align=\u00bbcenter\u00bb text=\u00bbMISI\u00d3N\u00bb font_size=\u00bbxs: 36;largo:42&#8243;][tm_spacer size=\u00bblargo:30&#8243;][vc_column_text]<\/p>\n<p style=\"text-align: justify;\">Brindar\u00a0\u00a0servicios de salud con la m\u00e1xima calidad en el campo de la Rehabilitaci\u00f3n Integral, \u00a0a trav\u00e9s de un equipo humano id\u00f3neo e \u00edntegro, con profunda vocaci\u00f3n por su labor, buscando la rehabilitaci\u00f3n, readaptaci\u00f3n y mejoramiento de la calidad de vida de la comunidad de Nuestro Valle del Cauca.<\/p>\n<p>[\/vc_column_text][\/vc_column_inner][vc_column_inner width=\u00bb1\/2&#8243;][tm_image image_size=\u00bbcustom\u00bb align=\u00bbcenter\u00bb image=\u00bb3140&#8243; image_size_width=\u00bb400&#8243; image_size_height=\u00bb400&#8243;][\/vc_column_inner][\/vc_row_inner][tm_spacer size=\u00bblg:50&#8243;][vc_row_inner][vc_column_inner width=\u00bb1\/2&#8243; content_alignment=\u00bbright\u00bb][tm_image image_size=\u00bbcustom\u00bb align=\u00bbcenter\u00bb image=\u00bb3139&#8243; image_size_width=\u00bb400&#8243; image_size_height=\u00bb400&#8243;][\/vc_column_inner][vc_column_inner width=\u00bb1\/2&#8243;][tm_heading custom_google_font=\u00bb\u00bb align=\u00bbcenter\u00bb text=\u00bbVISI\u00d3N\u00bb][vc_column_text]<\/p>\n<p style=\"text-align: justify;\">Para el 2024 nuestra IPS habr\u00e1 logrado presencia en otros municipios, llegando a ser reconocida como la IPS L\u00edder en Rehabilitaci\u00f3n Integral de nuestro Valle del Cauca, basada en cultura de calidad, compromiso con el servicio, desarrollo y bienestar del equipo humano.<\/p>\n<p>[\/vc_column_text][\/vc_column_inner][\/vc_row_inner][tm_spacer size=\u00bblg:30&#8243;][\/vc_column][\/vc_row][vc_row full_width=\u00bbstretch_row\u00bb custom_border_color=\u00bb\u00bb background_color=\u00bbsecondary\u00bb lg_spacing=\u00bbpadding_top:100;padding_bottom:40&#8243; background_image=\u00bb2695&#8243; background_position=\u00bbcenter center\u00bb][vc_column][tm_heading custom_google_font=\u00bb\u00bb align=\u00bbcenter\u00bb text_color=\u00bbcustom\u00bb custom_text_color=\u00bb#000000&#8243; text=\u00bbPOL\u00cdTICA DE CALIDAD\u00bb font_size=\u00bbxs:36;lg:42&#8243;][tm_spacer size=\u00bblg:50&#8243;][vc_row_inner][vc_column_inner width=\u00bb1\/2&#8243;][tm_image image_size=\u00bbcustom\u00bb align=\u00bbcenter\u00bb image=\u00bb3144&#8243; image_size_width=\u00bb400&#8243; image_size_height=\u00bb400&#8243;][\/vc_column_inner][vc_column_inner width=\u00bb1\/2&#8243;][vc_column_text]<\/p>\n<p style=\"text-align: justify;\">Nuestra instituci\u00f3n <strong>MAGNA SALUD<\/strong> S.A.S., tiene como compromiso constituirse en la mejor Instituci\u00f3n Prestadora de Servicios de Salud, basada en un proceso de mejoramiento continuo, para garantizar permanentemente la satisfacci\u00f3n de nuestros usuarios y nuestro equipo de trabajo, a trav\u00e9s de un recurso humano calificado, de un servicio al usuario con calidez, honestidad, respeto, sentido humano y de recursos adecuados, lo anterior en concordancia con las exigencias de la legislaci\u00f3n vigente y sustentado en el desarrollo del recurso humano y los cambios tecnol\u00f3gicos, logrando generar confianza, seguridad y lealtad en nuestros usuarios llev\u00e1ndonos a la permanencia en el mercado.<\/p>\n<p><span style=\"vertical-align: inherit;\"><span style=\"vertical-align: inherit;\">[\/vc_column_text][\/vc_column_inner][\/vc_row_inner][\/vc_column][\/vc_row][vc_row][vc_column][vc_column_text]<\/span><\/span>[\/vc_column_text][\/vc_column][\/vc_row]<\/p>\n<\/section>","protected":false},"excerpt":{"rendered":"<p>[vc_row][vc_column][tm_spacer size=\u00bblg:130&#8243;][vc_row_inner][vc_column_inner width=\u00bb1\/2&#8243;][tm_heading custom_google_font=\u00bb\u00bb align=\u00bbcenter\u00bb text=\u00bbMISI\u00d3N\u00bb font_size=\u00bbxs: 36;largo:42&#8243;][tm_spacer size=\u00bblargo:30&#8243;][vc_column_text] Brindar\u00a0\u00a0servicios de salud con la m\u00e1xima calidad en el campo de la Rehabilitaci\u00f3n Integral, \u00a0a trav\u00e9s de un equipo humano id\u00f3neo e \u00edntegro, con profunda vocaci\u00f3n por su labor, buscando la rehabilitaci\u00f3n, readaptaci\u00f3n y mejoramiento de la calidad de vida de la comunidad de Nuestro Valle del Cauca. [\/vc_column_text][\/vc_column_inner][vc_column_inner width=\u00bb1\/2&#8243;][tm_image image_size=\u00bbcustom\u00bb align=\u00bbcenter\u00bb image=\u00bb3140&#8243; image_size_width=\u00bb400&#8243; image_size_height=\u00bb400&#8243;][\/vc_column_inner][\/vc_row_inner][tm_spacer size=\u00bblg:50&#8243;][vc_row_inner][vc_column_inner width=\u00bb1\/2&#8243; content_alignment=\u00bbright\u00bb][tm_image image_size=\u00bbcustom\u00bb align=\u00bbcenter\u00bb image=\u00bb3139&#8243; image_size_width=\u00bb400&#8243; image_size_height=\u00bb400&#8243;][\/vc_column_inner][vc_column_inner width=\u00bb1\/2&#8243;][tm_heading custom_google_font=\u00bb\u00bb align=\u00bbcenter\u00bb text=\u00bbVISI\u00d3N\u00bb][vc_column_text] Para el 2024 nuestra IPS habr\u00e1 logrado presencia en otros municipios, llegando a ser reconocida como la IPS L\u00edder en Rehabilitaci\u00f3n Integral de nuestro Valle del Cauca, basada en cultura de calidad, compromiso con el servicio, desarrollo y bienestar del equipo humano. [\/vc_column_text][\/vc_column_inner][\/vc_row_inner][tm_spacer size=\u00bblg:30&#8243;][\/vc_column][\/vc_row][vc_row full_width=\u00bbstretch_row\u00bb custom_border_color=\u00bb\u00bb background_color=\u00bbsecondary\u00bb lg_spacing=\u00bbpadding_top:100;padding_bottom:40&#8243; background_image=\u00bb2695&#8243; background_position=\u00bbcenter center\u00bb][vc_column][tm_heading custom_google_font=\u00bb\u00bb align=\u00bbcenter\u00bb text_color=\u00bbcustom\u00bb custom_text_color=\u00bb#000000&#8243; text=\u00bbPOL\u00cdTICA DE CALIDAD\u00bb font_size=\u00bbxs:36;lg:42&#8243;][tm_spacer size=\u00bblg:50&#8243;][vc_row_inner][vc_column_inner width=\u00bb1\/2&#8243;][tm_image image_size=\u00bbcustom\u00bb align=\u00bbcenter\u00bb image=\u00bb3144&#8243; image_size_width=\u00bb400&#8243; image_size_height=\u00bb400&#8243;][\/vc_column_inner][vc_column_inner width=\u00bb1\/2&#8243;][vc_column_text] Nuestra instituci\u00f3n MAGNA SALUD S.A.S., tiene como compromiso constituirse en la mejor Instituci\u00f3n Prestadora de Servicios de Salud, basada en un proceso de mejoramiento continuo, para garantizar permanentemente la satisfacci\u00f3n de nuestros usuarios y nuestro equipo de trabajo, a trav\u00e9s de un recurso humano calificado, de un servicio al usuario con calidez, honestidad, respeto, sentido humano y de recursos adecuados, lo anterior en concordancia con las exigencias de la legislaci\u00f3n vigente y sustentado en el desarrollo del recurso humano y los cambios tecnol\u00f3gicos, logrando generar confianza, seguridad y lealtad en nuestros usuarios llev\u00e1ndonos a la permanencia en el mercado. [\/vc_column_text][\/vc_column_inner][\/vc_row_inner][\/vc_column][\/vc_row][vc_row][vc_column][vc_column_text][\/vc_column_text][\/vc_column][\/vc_row]<\/p>\n","protected":false},"author":1,"featured_media":0,"parent":0,"menu_order":0,"comment_status":"closed","ping_status":"closed","template":"","meta":[],"_links":{"self":[{"href":"https:\/\/magnasaludcolombia.com\/index.php\/wp-json\/wp\/v2\/pages\/2673"}],"collection":[{"href":"https:\/\/magnasaludcolombia.com\/index.php\/wp-json\/wp\/v2\/pages"}],"about":[{"href":"https:\/\/magnasaludcolombia.com\/index.php\/wp-json\/wp\/v2\/types\/page"}],"author":[{"embeddable":true,"href":"https:\/\/magnasaludcolombia.com\/index.php\/wp-json\/wp\/v2\/users\/1"}],"replies":[{"embeddable":true,"href":"https:\/\/magnasaludcolombia.com\/index.php\/wp-json\/wp\/v2\/comments?post=2673"}],"version-history":[{"count":43,"href":"https:\/\/magnasaludcolombia.com\/index.php\/wp-json\/wp\/v2\/pages\/2673\/revisions"}],"predecessor-version":[{"id":2677,"href":"https:\/\/magnasaludcolombia.com\/index.php\/wp-json\/wp\/v2\/pages\/2673\/revisions\/2677"}],"wp:attachment":[{"href":"https:\/\/magnasaludcolombia.com\/index.php\/wp-json\/wp\/v2\/media?parent=2673"}],"curies":[{"name":"wp","href":"https:\/\/api.w.org\/{rel}","templated":true}]}}