{"id":2950,"date":"2022-12-29T12:55:52","date_gmt":"2022-12-29T17:55:52","guid":{"rendered":"https:\/\/magnasaludcolombia.com\/?page_id=2950"},"modified":"2025-08-19T09:43:25","modified_gmt":"2025-08-19T14:43:25","slug":"sede-tulua","status":"publish","type":"page","link":"https:\/\/magnasaludcolombia.com\/index.php\/sede-tulua\/","title":{"rendered":"Sede Tulua"},"content":{"rendered":"<section class=\"wpb-content-wrapper\"><p>[vc_row][vc_column][tm_spacer size=\u00bblg:100&#8243;][\/vc_column][\/vc_row][vc_row separator_type=\u00bbcurve\u00bb custom_separator_color=\u00bb#ffffff\u00bb separator_height=\u00bblg:100&#8243;][vc_column width=\u00bb1\/2&#8243; background_image=\u00bb400&#8243;][tm_heading custom_google_font=\u00bb\u00bb text=\u00bbReservar una cita\u00bb font_size=\u00bbsm:36;lg:42&#8243;][tm_spacer size=\u00bblg:20&#8243;][tm_heading tag=\u00bbdiv\u00bb custom_google_font=\u00bb\u00bb text=\u00bbH\u00e1ganos saber su problema, haga una cita y reciba el mejor asesoramiento de los especialistas en la materia.\u00bb font_size=\u00bblg:17&#8243; max_width=\u00bb570px\u00bb][tm_spacer size=\u00bblg:24&#8243;][tm_heading custom_google_font=\u00bb\u00bb text_color=\u00bbprimary\u00bb text=\u00bbTel: 318 272 5981-318 369 6634&#8243; font_size=\u00bblg:30&#8243;][tm_spacer size=\u00bblg:19&#8243;][tm_heading tag=\u00bbdiv\u00bb custom_google_font=\u00bb\u00bb text=\u00bbLl\u00e1menos para solicitar asesoramiento en l\u00ednea o reserve pronto un programa de revisi\u00f3n en Magna Salud.\u00bb][tm_spacer size=\u00bblg:23&#8243;][tm_heading tag=\u00bbh4&#8243; custom_google_font=\u00bb\u00bb text_color=\u00bbprimary\u00bb text=\u00bbCalle 22 #30-40 Barrio C\u00e9spedes\u00bb font_size=\u00bblg:30&#8243;][\/vc_column][vc_column width=\u00bb1\/2&#8243; content_alignment=\u00bbright\u00bb][tm_image align=\u00bbright\u00bb image=\u00bb2940&#8243;][\/vc_column][\/vc_row][vc_row][vc_column][tm_spacer size=\u00bblg:60&#8243;][vc_column_text]<iframe loading=\"lazy\" style=\"border: 0;\" src=\"https:\/\/www.google.com\/maps\/embed?pb=!1m18!1m12!1m3!1d3979.670043331641!2d-76.19565982541266!3d4.087420546669631!2m3!1f0!2f0!3f0!3m2!1i1024!2i768!4f13.1!3m3!1m2!1s0x8e39c5c3758ad2c5%3A0x8a72f25e56a1a3ef!2sCl.%2022%20%2330-40%2C%20Tulu%C3%A1%2C%20Valle%20del%20Cauca!5e0!3m2!1ses-419!2sco!4v1689215820876!5m2!1ses-419!2sco\" width=\"600\" height=\"450\" allowfullscreen=\"allowfullscreen\"><\/iframe>[\/vc_column_text][\/vc_column][\/vc_row]<\/p>\n<\/section>","protected":false},"excerpt":{"rendered":"<p>[vc_row][vc_column][tm_spacer size=\u00bblg:100&#8243;][\/vc_column][\/vc_row][vc_row separator_type=\u00bbcurve\u00bb custom_separator_color=\u00bb#ffffff\u00bb separator_height=\u00bblg:100&#8243;][vc_column width=\u00bb1\/2&#8243; background_image=\u00bb400&#8243;][tm_heading custom_google_font=\u00bb\u00bb text=\u00bbReservar una cita\u00bb font_size=\u00bbsm:36;lg:42&#8243;][tm_spacer size=\u00bblg:20&#8243;][tm_heading tag=\u00bbdiv\u00bb custom_google_font=\u00bb\u00bb text=\u00bbH\u00e1ganos saber su problema, haga una cita y reciba el mejor asesoramiento de los especialistas en la materia.\u00bb font_size=\u00bblg:17&#8243; max_width=\u00bb570px\u00bb][tm_spacer size=\u00bblg:24&#8243;][tm_heading custom_google_font=\u00bb\u00bb text_color=\u00bbprimary\u00bb text=\u00bbTel: 318 272 5981-318 369 6634&#8243; font_size=\u00bblg:30&#8243;][tm_spacer size=\u00bblg:19&#8243;][tm_heading tag=\u00bbdiv\u00bb custom_google_font=\u00bb\u00bb text=\u00bbLl\u00e1menos para solicitar asesoramiento en l\u00ednea o reserve pronto un programa de revisi\u00f3n en Magna Salud.\u00bb][tm_spacer size=\u00bblg:23&#8243;][tm_heading tag=\u00bbh4&#8243; custom_google_font=\u00bb\u00bb text_color=\u00bbprimary\u00bb text=\u00bbCalle 22 #30-40 Barrio C\u00e9spedes\u00bb font_size=\u00bblg:30&#8243;][\/vc_column][vc_column width=\u00bb1\/2&#8243; content_alignment=\u00bbright\u00bb][tm_image align=\u00bbright\u00bb image=\u00bb2940&#8243;][\/vc_column][\/vc_row][vc_row][vc_column][tm_spacer size=\u00bblg:60&#8243;][vc_column_text][\/vc_column_text][\/vc_column][\/vc_row]<\/p>\n","protected":false},"author":2,"featured_media":0,"parent":0,"menu_order":0,"comment_status":"closed","ping_status":"closed","template":"","meta":[],"_links":{"self":[{"href":"https:\/\/magnasaludcolombia.com\/index.php\/wp-json\/wp\/v2\/pages\/2950"}],"collection":[{"href":"https:\/\/magnasaludcolombia.com\/index.php\/wp-json\/wp\/v2\/pages"}],"about":[{"href":"https:\/\/magnasaludcolombia.com\/index.php\/wp-json\/wp\/v2\/types\/page"}],"author":[{"embeddable":true,"href":"https:\/\/magnasaludcolombia.com\/index.php\/wp-json\/wp\/v2\/users\/2"}],"replies":[{"embeddable":true,"href":"https:\/\/magnasaludcolombia.com\/index.php\/wp-json\/wp\/v2\/comments?post=2950"}],"version-history":[{"count":11,"href":"https:\/\/magnasaludcolombia.com\/index.php\/wp-json\/wp\/v2\/pages\/2950\/revisions"}],"predecessor-version":[{"id":3327,"href":"https:\/\/magnasaludcolombia.com\/index.php\/wp-json\/wp\/v2\/pages\/2950\/revisions\/3327"}],"wp:attachment":[{"href":"https:\/\/magnasaludcolombia.com\/index.php\/wp-json\/wp\/v2\/media?parent=2950"}],"curies":[{"name":"wp","href":"https:\/\/api.w.org\/{rel}","templated":true}]}}