{"id":494,"date":"2019-06-19T03:08:17","date_gmt":"2019-06-19T03:08:17","guid":{"rendered":"https:\/\/magnasaludcolombia.com\/index.php\/services-03\/"},"modified":"2023-07-12T21:30:08","modified_gmt":"2023-07-13T02:30:08","slug":"services-03","status":"publish","type":"page","link":"https:\/\/magnasaludcolombia.com\/index.php\/services-03\/","title":{"rendered":"Services 03"},"content":{"rendered":"<section class=\"wpb-content-wrapper\"><p>[vc_row][vc_column][tm_heading custom_google_font=\u00bb\u00bb align=\u00bbcenter\u00bb text=\u00bbServicios en nuestra cl\u00ednica\u00bb font_size=\u00bbsm:36;lg:42&#8243;][tm_spacer size=\u00bblg:20&#8243;][tm_heading tag=\u00bbdiv\u00bb custom_google_font=\u00bb\u00bb align=\u00bbcenter\u00bb text=\u00bbNuestra cl\u00ednica ofrece gran variedad de servicios y estudia constantemente nuevas tecnolog\u00edas para a\u00f1adir nuevos servicios personalizados a la lista\u00bb font_size=\u00bblg:17&#8243; max_width=\u00bb630px\u00bb][tm_spacer size=\u00bblg:60&#8243;][tm_service style=\u00bbgrid_classic_02&#8243; gutter=\u00bb30&#8243; row_gutter=\u00bb40&#8243; number=\u00bb20&#8243; columns=\u00bbxs:1;sm:2;lg:3&#8243; filter_by=\u00bbservice_category:magna\u00bb taxonomies=\u00bbservice_category:magna-salud\u00bb][tm_spacer size=\u00bblg:110&#8243;][\/vc_column][\/vc_row][vc_row full_width=\u00bbstretch_row\u00bb content_placement=\u00bbmiddle\u00bb background_size=\u00bbauto\u00bb lg_spacing=\u00bbpadding_top:100;padding_bottom:40&#8243; background_image=\u00bb400&#8243; background_position=\u00bbright center\u00bb gutter=\u00bbsm:30;md:50;lg:70&#8243;][vc_column offset=\u00bbvc_col-lg-8&#8243;][tm_heading custom_google_font=\u00bb\u00bb text=\u00bbReservar una cita\u00bb font_size=\u00bbsm:36;lg:42&#8243;][tm_spacer size=\u00bblg:20&#8243;][tm_heading tag=\u00bbdiv\u00bb custom_google_font=\u00bb\u00bb text=\u00bbH\u00e1ganos saber su problema, haga una cita y reciba el mejor asesoramiento de los especialistas en la materia.\u00bb font_size=\u00bblg:17&#8243; max_width=\u00bb570px\u00bb][tm_spacer size=\u00bblg:40&#8243;][vc_column_text]<iframe loading=\"lazy\" style=\"border: 0;\" src=\"https:\/\/www.google.com\/maps\/embed?pb=!1m18!1m12!1m3!1d11256.234075465012!2d-76.19716843940793!3d4.085469977366843!2m3!1f0!2f0!3f0!3m2!1i1024!2i768!4f13.1!3m3!1m2!1s0x8e39c5c4ee200839%3A0x6b5b67f57fd3e107!2sCra.%2032a%20%2325-25%2C%20Tulu%C3%A1%2C%20Valle%20del%20Cauca!5e0!3m2!1ses-419!2sco!4v1671839429158!5m2!1ses-419!2sco\" width=\"800\" height=\"450\" allowfullscreen=\"allowfullscreen\"><\/iframe>[\/vc_column_text][tm_spacer size=\u00bblg:60&#8243;][\/vc_column][vc_column offset=\u00bbvc_col-lg-4&#8243;][tm_heading custom_google_font=\u00bb\u00bb text_transform=\u00bbuppercase\u00bb text_color=\u00bbcustom\u00bb custom_text_color=\u00bb#486683&#8243; text=\u00bbO LL\u00c1MENOS AHORA\u00bb font_size=\u00bblg:15&#8243; letter_spacing=\u00bb1px\u00bb][tm_spacer size=\u00bblg:24&#8243;][tm_heading custom_google_font=\u00bb\u00bb text_color=\u00bbprimary\u00bb text=\u00bb318 369 66 34&#8243; font_size=\u00bblg:40&#8243;][tm_spacer size=\u00bblg:19&#8243;][tm_heading tag=\u00bbdiv\u00bb custom_google_font=\u00bb\u00bb text=\u00bbLl\u00e1menos para solicitar asesoramiento en l\u00ednea o reserve pronto un programa de revisi\u00f3n en Magna Salud.\u00bb][tm_spacer size=\u00bblg:23&#8243;][tm_heading tag=\u00bbh4&#8243; custom_google_font=\u00bb\u00bb text_color=\u00bbprimary\u00bb text=\u00bbCARRERA 32\u00aa #25-25 B\/ ALVERNIA\u00bb font_size=\u00bblg:30&#8243;][tm_spacer size=\u00bblg:60&#8243;][\/vc_column][\/vc_row]<\/p>\n<\/section>","protected":false},"excerpt":{"rendered":"<p>[vc_row][vc_column][tm_heading custom_google_font=\u00bb\u00bb align=\u00bbcenter\u00bb text=\u00bbServicios en nuestra cl\u00ednica\u00bb font_size=\u00bbsm:36;lg:42&#8243;][tm_spacer size=\u00bblg:20&#8243;][tm_heading tag=\u00bbdiv\u00bb custom_google_font=\u00bb\u00bb align=\u00bbcenter\u00bb text=\u00bbNuestra cl\u00ednica ofrece gran variedad de servicios y estudia constantemente nuevas tecnolog\u00edas para a\u00f1adir nuevos servicios personalizados a la lista\u00bb font_size=\u00bblg:17&#8243; max_width=\u00bb630px\u00bb][tm_spacer size=\u00bblg:60&#8243;][tm_service style=\u00bbgrid_classic_02&#8243; gutter=\u00bb30&#8243; row_gutter=\u00bb40&#8243; number=\u00bb20&#8243; columns=\u00bbxs:1;sm:2;lg:3&#8243; filter_by=\u00bbservice_category:magna\u00bb taxonomies=\u00bbservice_category:magna-salud\u00bb][tm_spacer size=\u00bblg:110&#8243;][\/vc_column][\/vc_row][vc_row full_width=\u00bbstretch_row\u00bb content_placement=\u00bbmiddle\u00bb background_size=\u00bbauto\u00bb lg_spacing=\u00bbpadding_top:100;padding_bottom:40&#8243; background_image=\u00bb400&#8243; background_position=\u00bbright center\u00bb gutter=\u00bbsm:30;md:50;lg:70&#8243;][vc_column offset=\u00bbvc_col-lg-8&#8243;][tm_heading custom_google_font=\u00bb\u00bb text=\u00bbReservar una cita\u00bb font_size=\u00bbsm:36;lg:42&#8243;][tm_spacer size=\u00bblg:20&#8243;][tm_heading tag=\u00bbdiv\u00bb custom_google_font=\u00bb\u00bb text=\u00bbH\u00e1ganos saber su problema, haga una cita y reciba el mejor asesoramiento de los especialistas en la materia.\u00bb font_size=\u00bblg:17&#8243; max_width=\u00bb570px\u00bb][tm_spacer size=\u00bblg:40&#8243;][vc_column_text][\/vc_column_text][tm_spacer size=\u00bblg:60&#8243;][\/vc_column][vc_column offset=\u00bbvc_col-lg-4&#8243;][tm_heading custom_google_font=\u00bb\u00bb text_transform=\u00bbuppercase\u00bb text_color=\u00bbcustom\u00bb custom_text_color=\u00bb#486683&#8243; text=\u00bbO LL\u00c1MENOS AHORA\u00bb font_size=\u00bblg:15&#8243; letter_spacing=\u00bb1px\u00bb][tm_spacer size=\u00bblg:24&#8243;][tm_heading custom_google_font=\u00bb\u00bb text_color=\u00bbprimary\u00bb text=\u00bb318 369 66 34&#8243; font_size=\u00bblg:40&#8243;][tm_spacer size=\u00bblg:19&#8243;][tm_heading tag=\u00bbdiv\u00bb custom_google_font=\u00bb\u00bb text=\u00bbLl\u00e1menos para solicitar asesoramiento en l\u00ednea o reserve pronto un programa de revisi\u00f3n en Magna Salud.\u00bb][tm_spacer size=\u00bblg:23&#8243;][tm_heading tag=\u00bbh4&#8243; custom_google_font=\u00bb\u00bb text_color=\u00bbprimary\u00bb text=\u00bbCARRERA 32\u00aa #25-25 B\/ ALVERNIA\u00bb font_size=\u00bblg:30&#8243;][tm_spacer size=\u00bblg:60&#8243;][\/vc_column][\/vc_row]<\/p>\n","protected":false},"author":1,"featured_media":0,"parent":0,"menu_order":0,"comment_status":"closed","ping_status":"closed","template":"","meta":[],"_links":{"self":[{"href":"https:\/\/magnasaludcolombia.com\/index.php\/wp-json\/wp\/v2\/pages\/494"}],"collection":[{"href":"https:\/\/magnasaludcolombia.com\/index.php\/wp-json\/wp\/v2\/pages"}],"about":[{"href":"https:\/\/magnasaludcolombia.com\/index.php\/wp-json\/wp\/v2\/types\/page"}],"author":[{"embeddable":true,"href":"https:\/\/magnasaludcolombia.com\/index.php\/wp-json\/wp\/v2\/users\/1"}],"replies":[{"embeddable":true,"href":"https:\/\/magnasaludcolombia.com\/index.php\/wp-json\/wp\/v2\/comments?post=494"}],"version-history":[{"count":11,"href":"https:\/\/magnasaludcolombia.com\/index.php\/wp-json\/wp\/v2\/pages\/494\/revisions"}],"predecessor-version":[{"id":3303,"href":"https:\/\/magnasaludcolombia.com\/index.php\/wp-json\/wp\/v2\/pages\/494\/revisions\/3303"}],"wp:attachment":[{"href":"https:\/\/magnasaludcolombia.com\/index.php\/wp-json\/wp\/v2\/media?parent=494"}],"curies":[{"name":"wp","href":"https:\/\/api.w.org\/{rel}","templated":true}]}}